{"id":611,"date":"2020-06-18T13:08:01","date_gmt":"2020-06-18T13:08:01","guid":{"rendered":"http:\/\/jeunessart.org\/index.php\/home\/"},"modified":"2025-10-11T15:07:48","modified_gmt":"2025-10-11T15:07:48","slug":"home","status":"publish","type":"page","link":"https:\/\/jeunessart.org\/index.php\/home\/","title":{"rendered":"Accueil"},"content":{"rendered":"\n<figure class=\"wp-block-image size-full\"><img loading=\"lazy\" decoding=\"async\" width=\"960\" height=\"640\" src=\"http:\/\/jeunessart.org\/wp-content\/uploads\/2020\/06\/Slam1.jpg\" alt=\"\" class=\"wp-image-696\" srcset=\"https:\/\/jeunessart.org\/wp-content\/uploads\/2020\/06\/Slam1.jpg 960w, https:\/\/jeunessart.org\/wp-content\/uploads\/2020\/06\/Slam1-300x200.jpg 300w, https:\/\/jeunessart.org\/wp-content\/uploads\/2020\/06\/Slam1-768x512.jpg 768w\" sizes=\"auto, (max-width: 960px) 100vw, 960px\" \/><\/figure>\n\n\n\n<h2 class=\"wp-block-heading\">Jeuness\u2019Art \u2013 L\u2019art comme \u00e9veil, gu\u00e9rison et action<\/h2>\n\n\n\n<p><strong>Jeuness\u2019Art<\/strong> est une association culturelle et artistique \u00e0 but non lucratif n\u00e9e au Mali, port\u00e9e par la conviction que <strong>l\u2019art est une force de lib\u00e9ration, de gu\u00e9rison et de transformation sociale<\/strong>.<br>Fond\u00e9e par une g\u00e9n\u00e9ration de jeunes artistes engag\u00e9s, elle place la <strong>parole<\/strong>, la <strong>cr\u00e9ation<\/strong> et la <strong>conscience citoyenne<\/strong> au c\u0153ur du changement.<\/p>\n","protected":false},"excerpt":{"rendered":"<p>Jeuness\u2019Art \u2013 L\u2019art comme \u00e9veil, gu\u00e9rison et action Jeuness\u2019Art est une association culturelle et artistique \u00e0 but non lucratif n\u00e9e au Mali, port\u00e9e par la conviction que l\u2019art est une force de lib\u00e9ration, de gu\u00e9rison et de transformation sociale.Fond\u00e9e par une g\u00e9n\u00e9ration de jeunes artistes engag\u00e9s, elle place la parole, la cr\u00e9ation et la conscience [&hellip;]<\/p>\n","protected":false},"author":1,"featured_media":0,"parent":0,"menu_order":0,"comment_status":"closed","ping_status":"closed","template":"","meta":{"footnotes":""},"class_list":["post-611","page","type-page","status-publish","hentry"],"_links":{"self":[{"href":"https:\/\/jeunessart.org\/index.php\/wp-json\/wp\/v2\/pages\/611","targetHints":{"allow":["GET"]}}],"collection":[{"href":"https:\/\/jeunessart.org\/index.php\/wp-json\/wp\/v2\/pages"}],"about":[{"href":"https:\/\/jeunessart.org\/index.php\/wp-json\/wp\/v2\/types\/page"}],"author":[{"embeddable":true,"href":"https:\/\/jeunessart.org\/index.php\/wp-json\/wp\/v2\/users\/1"}],"replies":[{"embeddable":true,"href":"https:\/\/jeunessart.org\/index.php\/wp-json\/wp\/v2\/comments?post=611"}],"version-history":[{"count":4,"href":"https:\/\/jeunessart.org\/index.php\/wp-json\/wp\/v2\/pages\/611\/revisions"}],"predecessor-version":[{"id":792,"href":"https:\/\/jeunessart.org\/index.php\/wp-json\/wp\/v2\/pages\/611\/revisions\/792"}],"wp:attachment":[{"href":"https:\/\/jeunessart.org\/index.php\/wp-json\/wp\/v2\/media?parent=611"}],"curies":[{"name":"wp","href":"https:\/\/api.w.org\/{rel}","templated":true}]}}